{"id":1562,"date":"2025-10-12T01:39:14","date_gmt":"2025-10-11T22:39:14","guid":{"rendered":"https:\/\/www.omeruyar.av.tr\/en\/our-team\/"},"modified":"2025-10-12T19:00:56","modified_gmt":"2025-10-12T16:00:56","slug":"our-team","status":"publish","type":"page","link":"https:\/\/www.omeruyar.av.tr\/en\/our-team\/","title":{"rendered":"Our Team"},"content":{"rendered":"\n<p><\/p>\n\n\n\n<div class=\"wp-block-columns is-layout-flex wp-container-core-columns-is-layout-87beb0d0 wp-block-columns-is-layout-flex\">\n<div class=\"wp-block-column is-layout-flow wp-block-column-is-layout-flow\" style=\"flex-basis:22%\">\n<figure class=\"wp-block-image size-full is-resized has-custom-border\"><img decoding=\"async\" src=\"https:\/\/www.omeruyar.av.tr\/wp-content\/uploads\/2025\/03\/cv2.jpg\" alt=\"\" class=\"wp-image-3124\" style=\"border-radius:50%;aspect-ratio:1;object-fit:cover;width:120px\"\/><\/figure>\n<\/div>\n\n\n\n<div class=\"wp-block-column is-layout-flow wp-container-core-column-is-layout-8a368f38 wp-block-column-is-layout-flow\">\n<p><strong>\u00d6mer Uyar <\/strong>(Attorney, LL.M., Mediator)<br>Education: LL.B., Akdeniz University | LL.M. in Private Law, Akdeniz University<br>Languages: Turkish, English<br>Practice Areas: Ticaret, fikri m\u00fclkiyet, icra hukuku<\/p>\n\n\n\n<div class=\"wp-block-group is-nowrap is-layout-flex wp-container-core-group-is-layout-4be598df wp-block-group-is-layout-flex\" style=\"margin-top:var(--wp--preset--spacing--20);padding-top:0px;padding-bottom:0px\">\n<ul class=\"wp-block-social-links is-layout-flex wp-block-social-links-is-layout-flex\"><li class=\"wp-social-link wp-social-link-mail  wp-block-social-link\"><a href=\"mailto:u&#121;&#097;&#114;&#064;&#111;me&#114;&#117;&#121;ar&#046;&#097;&#118;&#046;&#116;r\" class=\"wp-block-social-link-anchor\"><svg width=\"24\" height=\"24\" viewBox=\"0 0 24 24\" version=\"1.1\" xmlns=\"http:\/\/www.w3.org\/2000\/svg\" aria-hidden=\"true\" focusable=\"false\"><path d=\"M19,5H5c-1.1,0-2,.9-2,2v10c0,1.1.9,2,2,2h14c1.1,0,2-.9,2-2V7c0-1.1-.9-2-2-2zm.5,12c0,.3-.2.5-.5.5H5c-.3,0-.5-.2-.5-.5V9.8l7.5,5.6,7.5-5.6V17zm0-9.1L12,13.6,4.5,7.9V7c0-.3.2-.5.5-.5h14c.3,0,.5.2.5.5v.9z\"><\/path><\/svg><span class=\"wp-block-social-link-label screen-reader-text\">Mail<\/span><\/a><\/li><\/ul>\n\n\n\n<div class=\"wp-block-buttons is-layout-flex wp-block-buttons-is-layout-flex\" style=\"margin-top:0;margin-bottom:0\">\n<div class=\"wp-block-button\"><a class=\"wp-block-button__link has-base-color has-text-color has-link-color has-custom-1-font-size has-custom-font-size wp-element-button\" href=\"\/en\/antalya-lawyer-omer-uyar\/\" style=\"padding-right:var(--wp--preset--spacing--30);padding-left:var(--wp--preset--spacing--30)\">View Profile<\/a><\/div>\n<\/div>\n<\/div>\n<\/div>\n<\/div>\n\n\n\n<div class=\"wp-block-columns is-layout-flex wp-container-core-columns-is-layout-87beb0d0 wp-block-columns-is-layout-flex\">\n<div class=\"wp-block-column is-layout-flow wp-block-column-is-layout-flow\" style=\"flex-basis:22%\">\n<figure class=\"wp-block-image size-full is-resized has-custom-border\"><img decoding=\"async\" src=\"https:\/\/www.omeruyar.av.tr\/wp-content\/uploads\/2025\/03\/1580283471190.jpeg\" alt=\"\" class=\"wp-image-3171\" style=\"border-radius:50%;aspect-ratio:1;object-fit:cover;width:120px\"\/><\/figure>\n<\/div>\n\n\n\n<div class=\"wp-block-column is-layout-flow wp-block-column-is-layout-flow\">\n<p><strong>Yusuf Emre Koyuncu <\/strong>(Mediator, Attorney)<br>Education: LL.B., Dokuz Eyl\u00fcl University<br>Languages: Turkish, English<br>Practice Areas: Sigorta, tazminat, i\u015f, vergi hukuku<\/p>\n<\/div>\n<\/div>\n\n\n\n<div class=\"wp-block-columns is-layout-flex wp-container-core-columns-is-layout-87beb0d0 wp-block-columns-is-layout-flex\">\n<div class=\"wp-block-column is-layout-flow wp-block-column-is-layout-flow\" style=\"flex-basis:22%\">\n<figure class=\"wp-block-image size-full is-resized has-custom-border\"><img decoding=\"async\" src=\"https:\/\/www.omeruyar.av.tr\/wp-content\/uploads\/2025\/03\/1700479075781.jpeg\" alt=\"\" class=\"wp-image-3172\" style=\"border-radius:50%;aspect-ratio:1;object-fit:cover;width:120px\"\/><\/figure>\n<\/div>\n\n\n\n<div class=\"wp-block-column is-layout-flow wp-block-column-is-layout-flow\">\n<p><strong>Ahmet Sercan Ba\u015fer<\/strong> (Attorney)<br>Education: LL.B., Akdeniz University<br>Languages: Turkish, English, Dutch<br>Practice Areas: Yabanc\u0131lar, bili\u015fim hukuku<\/p>\n<\/div>\n<\/div>\n\n\n\n<div class=\"wp-block-columns is-layout-flex wp-container-core-columns-is-layout-87beb0d0 wp-block-columns-is-layout-flex\">\n<div class=\"wp-block-column is-layout-flow wp-block-column-is-layout-flow\" style=\"flex-basis:22%\">\n<figure class=\"wp-block-image size-full is-resized has-custom-border\"><img decoding=\"async\" src=\"https:\/\/www.omeruyar.av.tr\/wp-content\/uploads\/2025\/03\/gizem.avif\" alt=\"\" class=\"wp-image-3170\" style=\"border-radius:50%;aspect-ratio:1;object-fit:cover;width:120px\"\/><\/figure>\n<\/div>\n\n\n\n<div class=\"wp-block-column is-layout-flow wp-block-column-is-layout-flow\">\n<p><strong>Gizem Ya\u011fmur Y\u0131lmaz <\/strong>(Attorney, LL.M.)<br>Education: LL.B., Akdeniz University | LL.M. in Private Law, Akdeniz University<br>Practice Areas: Contract, consumer law<br>Books: S\u00f6zle\u015fmenin Devri <em>(Assignment of Contract)<\/em> (Se\u00e7kin Yay\u0131nlar\u0131)<\/p>\n<\/div>\n<\/div>\n","protected":false},"excerpt":{"rendered":"<p>\u00d6mer Uyar (Attorney, LL.M., Mediator)Education: LL.B., Akdeniz University | LL.M. in Private Law, Akdeniz UniversityLanguages: Turkish, EnglishPractice Areas: Ticaret, fikri m\u00fclkiyet, icra hukuku Yusuf Emre Koyuncu (Mediator, Attorney)Education: LL.B., Dokuz Eyl\u00fcl UniversityLanguages: Turkish, EnglishPractice Areas: Sigorta, tazminat, i\u015f, vergi hukuku Ahmet Sercan Ba\u015fer (Attorney)Education: LL.B., Akdeniz UniversityLanguages: Turkish, English, DutchPractice Areas: Yabanc\u0131lar, bili\u015fim hukuku Gizem [&hellip;]<\/p>\n","protected":false},"author":1,"featured_media":0,"parent":0,"menu_order":0,"comment_status":"closed","ping_status":"closed","template":"","meta":{"footnotes":""},"class_list":["post-1562","page","type-page","status-publish","hentry"],"_links":{"self":[{"href":"https:\/\/www.omeruyar.av.tr\/en\/wp-json\/wp\/v2\/pages\/1562","targetHints":{"allow":["GET"]}}],"collection":[{"href":"https:\/\/www.omeruyar.av.tr\/en\/wp-json\/wp\/v2\/pages"}],"about":[{"href":"https:\/\/www.omeruyar.av.tr\/en\/wp-json\/wp\/v2\/types\/page"}],"author":[{"embeddable":true,"href":"https:\/\/www.omeruyar.av.tr\/en\/wp-json\/wp\/v2\/users\/1"}],"replies":[{"embeddable":true,"href":"https:\/\/www.omeruyar.av.tr\/en\/wp-json\/wp\/v2\/comments?post=1562"}],"version-history":[{"count":3,"href":"https:\/\/www.omeruyar.av.tr\/en\/wp-json\/wp\/v2\/pages\/1562\/revisions"}],"predecessor-version":[{"id":1649,"href":"https:\/\/www.omeruyar.av.tr\/en\/wp-json\/wp\/v2\/pages\/1562\/revisions\/1649"}],"wp:attachment":[{"href":"https:\/\/www.omeruyar.av.tr\/en\/wp-json\/wp\/v2\/media?parent=1562"}],"curies":[{"name":"wp","href":"https:\/\/api.w.org\/{rel}","templated":true}]}}