{"id":1628,"date":"2025-10-12T16:29:43","date_gmt":"2025-10-12T13:29:43","guid":{"rendered":"https:\/\/www.omeruyar.av.tr\/en\/?page_id=1628"},"modified":"2025-10-12T18:40:25","modified_gmt":"2025-10-12T15:40:25","slug":"book","status":"publish","type":"page","link":"https:\/\/www.omeruyar.av.tr\/en\/book\/","title":{"rendered":"Schedule Meeting"},"content":{"rendered":"\n<figure class=\"wp-block-pullquote has-text-align-left\"><blockquote><p>After your appointment request, we will contact you to arrange the meeting format (in-person or remote) and complete the payment* step.<\/p><cite>* The applicable consultation fee is established by the Turkish Bar Association (TBB) for each year.<\/cite><\/blockquote><\/figure>\n\n\n\n<div class=\"wp-block-group iframe-wrapper has-global-padding is-layout-constrained wp-block-group-is-layout-constrained\">\n<!-- Google Calendar Appointment Scheduling begin -->\n<iframe src=\"https:\/\/calendar.google.com\/calendar\/appointments\/schedules\/AcZssZ2BOcl_VFbjew5RRplXbnwBfCgmV8sP7szW812iTuncqZoISwkkTOM18KPH0hBmQArxpsMTqx_s?gv=true\" class=\"custom-iframe\" style=\"border: 0\" frameborder=\"0\"><\/iframe>\n<!-- end Google Calendar Appointment Scheduling -->\n\n\n\n<!-- Pop-up (KVKK Onay\u0131) -->\n<div id=\"popup\">\n  <div id=\"popupContent\">\n    <p>\n      To proceed, please consent to the processing and transfer of your personal data in accordance with our <a href=\"aydinlatma-metni.html\" target=\"_blank\">Privacy Notice<\/a>.\n    <\/p>\n    <div class=\"checkbox-container\">\n      <input type=\"checkbox\" id=\"kvkkOnay\">\n      <label for=\"kvkkOnay\">I agree<\/label>\n    <\/div>\n  <\/div>\n<\/div>\n\n<script>\n  var onayKutusu = document.getElementById(\"kvkkOnay\");\n  var popup = document.getElementById(\"popup\");\n\n  \/\/ Onay kutusu i\u015faretlendi\u011finde fade-out efektiyle pop-up kapan\u0131r\n  onayKutusu.addEventListener(\"change\", function() {\n    if (onayKutusu.checked) {\n      popup.style.transition = \"opacity 0.4s ease-out\";\n      popup.style.opacity = \"0\";\n      setTimeout(() => {\n        popup.style.display = \"none\";\n      }, 400); \/\/ 0.4 saniye sonra tamamen kaybolsun\n    }\n  });\n<\/script>\n\n<style>\n  \/* Pop-up (Modal) Tasar\u0131m\u0131 *\/\n  #popup {\n    position: fixed;\n    top: 0;\n    left: 0;\n    right: 0;\n    bottom: 0;\n    width: 100vw;\n    height: 100vh;\n    display: flex;\n    align-items: center;\n    justify-content: center;\n    opacity: 1;\n  }\n\n  #popupContent {\n    font-size: 17px;\n    background: #fff;\n    padding: 30px;\n    margin: 30px;\n    border-radius: 12px;\n    text-align: left;\n    width: 80%;\n    max-width: 400px;\n    box-shadow: 0 0 190px rgba(40, 40, 60, 0.3);\n  }\n\n  \/* Checkbox ve yaz\u0131y\u0131 yatay hizala *\/\n  .checkbox-container {\n    display: flex;\n    align-items: flex-start; \/* Checkbox sol \u00fcstte kals\u0131n *\/\n  }\n\n  \/* Onay kutusunu b\u00fcy\u00fct ve \u00e7er\u00e7eveyi kald\u0131r *\/\n  #kvkkOnay {\n    width: 20px;\n    height: 20px;\n    border-radius: 5px;\n    cursor: pointer;\n    accent-color: #2755c8; \/* Checkbox rengi *\/\n    outline: none; \/* \u00c7er\u00e7eveyi kald\u0131r *\/\n    margin-right: 10px;\n    margin-top: 1px; \/* Checkbox \u00fcstte hizal\u0131 olsun *\/\n  }\n\n  #kvkkOnay:focus {\n    outline: none; \/* T\u0131klama an\u0131nda \u00e7er\u00e7eve \u00e7\u0131kmas\u0131n\u0131 engelle *\/\n  }\n\n  label {\n    font-size: 17px;\n    cursor: pointer;\n  }\n<\/style>\n<\/div>\n","protected":false},"excerpt":{"rendered":"<p>After your appointment request, we will contact you to arrange the meeting format (in-person or remote) and complete the payment* step. * The applicable consultation fee is established by the Turkish Bar Association (TBB) for each year. To proceed, please consent to the processing and transfer of your personal data in accordance with our Privacy [&hellip;]<\/p>\n","protected":false},"author":1,"featured_media":0,"parent":0,"menu_order":0,"comment_status":"closed","ping_status":"closed","template":"","meta":{"footnotes":""},"class_list":["post-1628","page","type-page","status-publish","hentry"],"_links":{"self":[{"href":"https:\/\/www.omeruyar.av.tr\/en\/wp-json\/wp\/v2\/pages\/1628","targetHints":{"allow":["GET"]}}],"collection":[{"href":"https:\/\/www.omeruyar.av.tr\/en\/wp-json\/wp\/v2\/pages"}],"about":[{"href":"https:\/\/www.omeruyar.av.tr\/en\/wp-json\/wp\/v2\/types\/page"}],"author":[{"embeddable":true,"href":"https:\/\/www.omeruyar.av.tr\/en\/wp-json\/wp\/v2\/users\/1"}],"replies":[{"embeddable":true,"href":"https:\/\/www.omeruyar.av.tr\/en\/wp-json\/wp\/v2\/comments?post=1628"}],"version-history":[{"count":10,"href":"https:\/\/www.omeruyar.av.tr\/en\/wp-json\/wp\/v2\/pages\/1628\/revisions"}],"predecessor-version":[{"id":1645,"href":"https:\/\/www.omeruyar.av.tr\/en\/wp-json\/wp\/v2\/pages\/1628\/revisions\/1645"}],"wp:attachment":[{"href":"https:\/\/www.omeruyar.av.tr\/en\/wp-json\/wp\/v2\/media?parent=1628"}],"curies":[{"name":"wp","href":"https:\/\/api.w.org\/{rel}","templated":true}]}}